{"id":13,"date":"2025-02-06T13:27:39","date_gmt":"2025-02-06T13:27:39","guid":{"rendered":"https:\/\/www.zajazdwilkiorka.pl\/?page_id=13"},"modified":"2025-05-05T10:28:20","modified_gmt":"2025-05-05T10:28:20","slug":"gallery","status":"publish","type":"page","link":"https:\/\/www.zajazdwilkiorka.pl\/?page_id=13","title":{"rendered":"Galeria"},"content":{"rendered":"\t\t<div data-elementor-type=\"wp-page\" data-elementor-id=\"13\" class=\"elementor elementor-13\">\n\t\t\t\t<div class=\"elementor-element elementor-element-2e1f3b9 e-flex e-con-boxed e-con e-parent\" data-id=\"2e1f3b9\" data-element_type=\"container\">\n\t\t\t\t\t<div class=\"e-con-inner\">\n\t\t\t\t<div class=\"elementor-element elementor-element-d5f5530 elementor-widget elementor-widget-heading\" data-id=\"d5f5530\" data-element_type=\"widget\" data-widget_type=\"heading.default\">\n\t\t\t\t<div class=\"elementor-widget-container\">\n\t\t\t\t\t<h2 class=\"elementor-heading-title elementor-size-default\">Galeria<\/h2>\t\t\t\t<\/div>\n\t\t\t\t<\/div>\n\t\t\t\t<div class=\"elementor-element elementor-element-d097def elementor-widget-divider--view-line elementor-widget elementor-widget-divider\" data-id=\"d097def\" data-element_type=\"widget\" data-widget_type=\"divider.default\">\n\t\t\t\t<div class=\"elementor-widget-container\">\n\t\t\t\t\t\t\t<div class=\"elementor-divider\">\n\t\t\t<span class=\"elementor-divider-separator\">\n\t\t\t\t\t\t<\/span>\n\t\t<\/div>\n\t\t\t\t\t\t<\/div>\n\t\t\t\t<\/div>\n\t\t\t\t<div class=\"elementor-element elementor-element-03e347c elementor-widget elementor-widget-text-editor\" data-id=\"03e347c\" data-element_type=\"widget\" data-widget_type=\"text-editor.default\">\n\t\t\t\t<div class=\"elementor-widget-container\">\n\t\t\t\t\t\t\t\t\t<h4>Galeria zdj\u0119\u0107 \u2013 poznaj klimat naszej restauracji! Zapraszamy do zapoznania si\u0119 z nasz\u0105 galeri\u0105 zdj\u0119\u0107, kt\u00f3ra oddaje wyj\u0105tkowy klimat naszej restauracji.<\/h4>\t\t\t\t\t\t\t\t<\/div>\n\t\t\t\t<\/div>\n\t\t\t\t\t<\/div>\n\t\t\t\t<\/div>\n\t\t<div class=\"elementor-element elementor-element-253c30e e-con-full e-flex e-con e-parent\" data-id=\"253c30e\" data-element_type=\"container\">\n\t\t\t\t<div class=\"elementor-element elementor-element-1b6e987 gallery-spacing-custom elementor-widget elementor-widget-image-gallery\" data-id=\"1b6e987\" data-element_type=\"widget\" data-widget_type=\"image-gallery.default\">\n\t\t\t\t<div class=\"elementor-widget-container\">\n\t\t\t\t\t\t\t<div class=\"elementor-image-gallery\">\n\t\t\t<div id='gallery-1' class='gallery galleryid-13 gallery-columns-5 gallery-size-medium'><figure class='gallery-item'>\n\t\t\t<div class='gallery-icon portrait'>\n\t\t\t\t<img fetchpriority=\"high\" decoding=\"async\" width=\"225\" height=\"300\" src=\"https:\/\/www.zajazdwilkiorka.pl\/wp-content\/uploads\/2025\/04\/WhatsApp-Image-2025-04-06-at-13.01.20-225x300.jpeg\" class=\"attachment-medium size-medium\" alt=\"\" srcset=\"https:\/\/www.zajazdwilkiorka.pl\/wp-content\/uploads\/2025\/04\/WhatsApp-Image-2025-04-06-at-13.01.20-225x300.jpeg 225w, https:\/\/www.zajazdwilkiorka.pl\/wp-content\/uploads\/2025\/04\/WhatsApp-Image-2025-04-06-at-13.01.20-768x1024.jpeg 768w, https:\/\/www.zajazdwilkiorka.pl\/wp-content\/uploads\/2025\/04\/WhatsApp-Image-2025-04-06-at-13.01.20-1152x1536.jpeg 1152w, https:\/\/www.zajazdwilkiorka.pl\/wp-content\/uploads\/2025\/04\/WhatsApp-Image-2025-04-06-at-13.01.20.jpeg 1536w\" sizes=\"(max-width: 225px) 100vw, 225px\" \/>\n\t\t\t<\/div><\/figure><figure class='gallery-item'>\n\t\t\t<div class='gallery-icon portrait'>\n\t\t\t\t<img decoding=\"async\" width=\"200\" height=\"300\" src=\"https:\/\/www.zajazdwilkiorka.pl\/wp-content\/uploads\/2025\/04\/14-kwi-2025-20_31_45-200x300.png\" class=\"attachment-medium size-medium\" alt=\"\" srcset=\"https:\/\/www.zajazdwilkiorka.pl\/wp-content\/uploads\/2025\/04\/14-kwi-2025-20_31_45-200x300.png 200w, https:\/\/www.zajazdwilkiorka.pl\/wp-content\/uploads\/2025\/04\/14-kwi-2025-20_31_45-683x1024.png 683w, https:\/\/www.zajazdwilkiorka.pl\/wp-content\/uploads\/2025\/04\/14-kwi-2025-20_31_45-768x1152.png 768w, https:\/\/www.zajazdwilkiorka.pl\/wp-content\/uploads\/2025\/04\/14-kwi-2025-20_31_45.png 1024w\" sizes=\"(max-width: 200px) 100vw, 200px\" \/>\n\t\t\t<\/div><\/figure><figure class='gallery-item'>\n\t\t\t<div class='gallery-icon landscape'>\n\t\t\t\t<img decoding=\"async\" width=\"300\" height=\"200\" src=\"https:\/\/www.zajazdwilkiorka.pl\/wp-content\/uploads\/2025\/04\/14-kwi-2025-20_26_27-300x200.png\" class=\"attachment-medium size-medium\" alt=\"\" srcset=\"https:\/\/www.zajazdwilkiorka.pl\/wp-content\/uploads\/2025\/04\/14-kwi-2025-20_26_27-300x200.png 300w, https:\/\/www.zajazdwilkiorka.pl\/wp-content\/uploads\/2025\/04\/14-kwi-2025-20_26_27-1024x683.png 1024w, https:\/\/www.zajazdwilkiorka.pl\/wp-content\/uploads\/2025\/04\/14-kwi-2025-20_26_27-768x512.png 768w, https:\/\/www.zajazdwilkiorka.pl\/wp-content\/uploads\/2025\/04\/14-kwi-2025-20_26_27.png 1536w\" sizes=\"(max-width: 300px) 100vw, 300px\" \/>\n\t\t\t<\/div><\/figure><figure class='gallery-item'>\n\t\t\t<div class='gallery-icon landscape'>\n\t\t\t\t<img loading=\"lazy\" decoding=\"async\" width=\"300\" height=\"300\" src=\"https:\/\/www.zajazdwilkiorka.pl\/wp-content\/uploads\/2025\/04\/14-kwi-2025-18_17_55-300x300.png\" class=\"attachment-medium size-medium\" alt=\"\" srcset=\"https:\/\/www.zajazdwilkiorka.pl\/wp-content\/uploads\/2025\/04\/14-kwi-2025-18_17_55-300x300.png 300w, https:\/\/www.zajazdwilkiorka.pl\/wp-content\/uploads\/2025\/04\/14-kwi-2025-18_17_55-150x150.png 150w, https:\/\/www.zajazdwilkiorka.pl\/wp-content\/uploads\/2025\/04\/14-kwi-2025-18_17_55-768x768.png 768w, https:\/\/www.zajazdwilkiorka.pl\/wp-content\/uploads\/2025\/04\/14-kwi-2025-18_17_55.png 1024w\" sizes=\"(max-width: 300px) 100vw, 300px\" \/>\n\t\t\t<\/div><\/figure><figure class='gallery-item'>\n\t\t\t<div class='gallery-icon landscape'>\n\t\t\t\t<img loading=\"lazy\" decoding=\"async\" width=\"300\" height=\"300\" src=\"https:\/\/www.zajazdwilkiorka.pl\/wp-content\/uploads\/2025\/04\/kwi-2025-18_09_42-300x300.png\" class=\"attachment-medium size-medium\" alt=\"\" srcset=\"https:\/\/www.zajazdwilkiorka.pl\/wp-content\/uploads\/2025\/04\/elementor\/thumbs\/kwi-2025-18_09_42-r4cro4flcr379xfjy0g4oox8r12942r3y83zxoolh4.png 300w, https:\/\/www.zajazdwilkiorka.pl\/wp-content\/uploads\/2025\/04\/kwi-2025-18_09_42-150x150.png 150w, https:\/\/www.zajazdwilkiorka.pl\/wp-content\/uploads\/2025\/04\/kwi-2025-18_09_42-768x768.png 768w, https:\/\/www.zajazdwilkiorka.pl\/wp-content\/uploads\/2025\/04\/kwi-2025-18_09_42.png 1024w\" sizes=\"(max-width: 300px) 100vw, 300px\" \/>\n\t\t\t<\/div><\/figure><figure class='gallery-item'>\n\t\t\t<div class='gallery-icon portrait'>\n\t\t\t\t<img loading=\"lazy\" decoding=\"async\" width=\"200\" height=\"300\" src=\"https:\/\/www.zajazdwilkiorka.pl\/wp-content\/uploads\/2025\/04\/14-kwi-2025-18_13_47-200x300.png\" class=\"attachment-medium size-medium\" alt=\"\" srcset=\"https:\/\/www.zajazdwilkiorka.pl\/wp-content\/uploads\/2025\/04\/14-kwi-2025-18_13_47-200x300.png 200w, https:\/\/www.zajazdwilkiorka.pl\/wp-content\/uploads\/2025\/04\/14-kwi-2025-18_13_47-683x1024.png 683w, https:\/\/www.zajazdwilkiorka.pl\/wp-content\/uploads\/2025\/04\/14-kwi-2025-18_13_47-768x1152.png 768w, https:\/\/www.zajazdwilkiorka.pl\/wp-content\/uploads\/2025\/04\/14-kwi-2025-18_13_47.png 1024w\" sizes=\"(max-width: 200px) 100vw, 200px\" \/>\n\t\t\t<\/div><\/figure><figure class='gallery-item'>\n\t\t\t<div class='gallery-icon portrait'>\n\t\t\t\t<img loading=\"lazy\" decoding=\"async\" width=\"200\" height=\"300\" src=\"https:\/\/www.zajazdwilkiorka.pl\/wp-content\/uploads\/2025\/04\/WhatsApp-Image-2025-04-13-at-22.16.38-200x300.jpeg\" class=\"attachment-medium size-medium\" alt=\"\" srcset=\"https:\/\/www.zajazdwilkiorka.pl\/wp-content\/uploads\/2025\/04\/WhatsApp-Image-2025-04-13-at-22.16.38-200x300.jpeg 200w, https:\/\/www.zajazdwilkiorka.pl\/wp-content\/uploads\/2025\/04\/WhatsApp-Image-2025-04-13-at-22.16.38-683x1024.jpeg 683w, https:\/\/www.zajazdwilkiorka.pl\/wp-content\/uploads\/2025\/04\/WhatsApp-Image-2025-04-13-at-22.16.38-768x1152.jpeg 768w, https:\/\/www.zajazdwilkiorka.pl\/wp-content\/uploads\/2025\/04\/WhatsApp-Image-2025-04-13-at-22.16.38.jpeg 1024w\" sizes=\"(max-width: 200px) 100vw, 200px\" \/>\n\t\t\t<\/div><\/figure><figure class='gallery-item'>\n\t\t\t<div class='gallery-icon landscape'>\n\t\t\t\t<img loading=\"lazy\" decoding=\"async\" width=\"300\" height=\"300\" src=\"https:\/\/www.zajazdwilkiorka.pl\/wp-content\/uploads\/2025\/04\/Image-14-kwi-2025-17_25_17-300x300.png\" class=\"attachment-medium size-medium\" alt=\"\" srcset=\"https:\/\/www.zajazdwilkiorka.pl\/wp-content\/uploads\/2025\/04\/Image-14-kwi-2025-17_25_17-300x300.png 300w, https:\/\/www.zajazdwilkiorka.pl\/wp-content\/uploads\/2025\/04\/Image-14-kwi-2025-17_25_17-150x150.png 150w, https:\/\/www.zajazdwilkiorka.pl\/wp-content\/uploads\/2025\/04\/Image-14-kwi-2025-17_25_17-768x768.png 768w, https:\/\/www.zajazdwilkiorka.pl\/wp-content\/uploads\/2025\/04\/Image-14-kwi-2025-17_25_17.png 1024w\" sizes=\"(max-width: 300px) 100vw, 300px\" \/>\n\t\t\t<\/div><\/figure><figure class='gallery-item'>\n\t\t\t<div class='gallery-icon portrait'>\n\t\t\t\t<img loading=\"lazy\" decoding=\"async\" width=\"266\" height=\"300\" src=\"https:\/\/www.zajazdwilkiorka.pl\/wp-content\/uploads\/2025\/05\/sex-na-wilku-266x300.jpg\" class=\"attachment-medium size-medium\" alt=\"\" srcset=\"https:\/\/www.zajazdwilkiorka.pl\/wp-content\/uploads\/2025\/05\/sex-na-wilku-266x300.jpg 266w, https:\/\/www.zajazdwilkiorka.pl\/wp-content\/uploads\/2025\/05\/sex-na-wilku-908x1024.jpg 908w, https:\/\/www.zajazdwilkiorka.pl\/wp-content\/uploads\/2025\/05\/sex-na-wilku-768x866.jpg 768w, https:\/\/www.zajazdwilkiorka.pl\/wp-content\/uploads\/2025\/05\/sex-na-wilku-1362x1536.jpg 1362w, https:\/\/www.zajazdwilkiorka.pl\/wp-content\/uploads\/2025\/05\/sex-na-wilku.jpg 1816w\" sizes=\"(max-width: 266px) 100vw, 266px\" \/>\n\t\t\t<\/div><\/figure><figure class='gallery-item'>\n\t\t\t<div class='gallery-icon portrait'>\n\t\t\t\t<img loading=\"lazy\" decoding=\"async\" width=\"225\" height=\"300\" src=\"https:\/\/www.zajazdwilkiorka.pl\/wp-content\/uploads\/2025\/05\/cytrynowiec-225x300.jpg\" class=\"attachment-medium size-medium\" alt=\"\" srcset=\"https:\/\/www.zajazdwilkiorka.pl\/wp-content\/uploads\/2025\/05\/cytrynowiec-225x300.jpg 225w, https:\/\/www.zajazdwilkiorka.pl\/wp-content\/uploads\/2025\/05\/cytrynowiec-768x1024.jpg 768w, https:\/\/www.zajazdwilkiorka.pl\/wp-content\/uploads\/2025\/05\/cytrynowiec-1152x1536.jpg 1152w, https:\/\/www.zajazdwilkiorka.pl\/wp-content\/uploads\/2025\/05\/cytrynowiec.jpg 1536w\" sizes=\"(max-width: 225px) 100vw, 225px\" \/>\n\t\t\t<\/div><\/figure>\n\t\t<\/div>\n\t\t<\/div>\n\t\t\t\t\t\t<\/div>\n\t\t\t\t<\/div>\n\t\t\t\t<\/div>\n\t\t\t\t<\/div>\n\t\t","protected":false},"excerpt":{"rendered":"<p>Galeria Galeria zdj\u0119\u0107 \u2013 poznaj klimat naszej restauracji! Zapraszamy do zapoznania si\u0119 z nasz\u0105 galeri\u0105 zdj\u0119\u0107, kt\u00f3ra oddaje wyj\u0105tkowy klimat naszej restauracji.<\/p>\n","protected":false},"author":1,"featured_media":0,"parent":0,"menu_order":0,"comment_status":"closed","ping_status":"closed","template":"elementor_header_footer","meta":{"footnotes":""},"class_list":["post-13","page","type-page","status-publish","hentry"],"_links":{"self":[{"href":"https:\/\/www.zajazdwilkiorka.pl\/index.php?rest_route=\/wp\/v2\/pages\/13","targetHints":{"allow":["GET"]}}],"collection":[{"href":"https:\/\/www.zajazdwilkiorka.pl\/index.php?rest_route=\/wp\/v2\/pages"}],"about":[{"href":"https:\/\/www.zajazdwilkiorka.pl\/index.php?rest_route=\/wp\/v2\/types\/page"}],"author":[{"embeddable":true,"href":"https:\/\/www.zajazdwilkiorka.pl\/index.php?rest_route=\/wp\/v2\/users\/1"}],"replies":[{"embeddable":true,"href":"https:\/\/www.zajazdwilkiorka.pl\/index.php?rest_route=%2Fwp%2Fv2%2Fcomments&post=13"}],"version-history":[{"count":62,"href":"https:\/\/www.zajazdwilkiorka.pl\/index.php?rest_route=\/wp\/v2\/pages\/13\/revisions"}],"predecessor-version":[{"id":1424,"href":"https:\/\/www.zajazdwilkiorka.pl\/index.php?rest_route=\/wp\/v2\/pages\/13\/revisions\/1424"}],"wp:attachment":[{"href":"https:\/\/www.zajazdwilkiorka.pl\/index.php?rest_route=%2Fwp%2Fv2%2Fmedia&parent=13"}],"curies":[{"name":"wp","href":"https:\/\/api.w.org\/{rel}","templated":true}]}}