{"id":1313,"date":"2025-05-02T08:53:31","date_gmt":"2025-05-02T08:53:31","guid":{"rendered":"https:\/\/www.zajazdwilkiorka.pl\/?page_id=1313"},"modified":"2025-09-19T09:35:03","modified_gmt":"2025-09-19T09:35:03","slug":"nowa-podstrona","status":"publish","type":"page","link":"https:\/\/www.zajazdwilkiorka.pl\/?page_id=1313","title":{"rendered":"Sa\u0142atki"},"content":{"rendered":"\t\t<div data-elementor-type=\"wp-page\" data-elementor-id=\"1313\" class=\"elementor elementor-1313\">\n\t\t\t\t<div class=\"elementor-element elementor-element-2af872f e-flex e-con-boxed e-con e-parent\" data-id=\"2af872f\" data-element_type=\"container\">\n\t\t\t\t\t<div class=\"e-con-inner\">\n\t\t<div class=\"elementor-element elementor-element-40a13e1 e-con-full e-flex e-con e-child\" data-id=\"40a13e1\" data-element_type=\"container\">\n\t\t\t\t<div class=\"elementor-element elementor-element-1ba3887 elementor-widget elementor-widget-heading\" data-id=\"1ba3887\" data-element_type=\"widget\" data-widget_type=\"heading.default\">\n\t\t\t\t<div class=\"elementor-widget-container\">\n\t\t\t\t\t<h2 class=\"elementor-heading-title elementor-size-default\">Sa\u0142atki:<\/h2>\t\t\t\t<\/div>\n\t\t\t\t<\/div>\n\t\t\t\t<div class=\"elementor-element elementor-element-5d605c0 elementor-icon-list--layout-traditional elementor-list-item-link-full_width elementor-widget elementor-widget-icon-list\" data-id=\"5d605c0\" data-element_type=\"widget\" data-widget_type=\"icon-list.default\">\n\t\t\t\t<div class=\"elementor-widget-container\">\n\t\t\t\t\t\t\t<ul class=\"elementor-icon-list-items\">\n\t\t\t\t\t\t\t<li class=\"elementor-icon-list-item\">\n\t\t\t\t\t\t\t\t\t\t\t<span class=\"elementor-icon-list-icon\">\n\t\t\t\t\t\t\t<svg aria-hidden=\"true\" class=\"e-font-icon-svg e-fab-wolf-pack-battalion\" viewBox=\"0 0 512 512\" xmlns=\"http:\/\/www.w3.org\/2000\/svg\"><path d=\"M267.73 471.53l10.56 15.84 5.28-12.32 5.28 7V512c21.06-7.92 21.11-66.86 25.51-97.21 4.62-31.89-.88-92.81 81.37-149.11-8.88-23.61-12-49.43-2.64-80.05C421 189 447 196.21 456.43 239.73l-30.35 8.36c11.15 23 17 46.76 13.2 72.14L412 313.18l-6.16 33.43-18.47-7-8.8 33.39-19.35-7 26.39 21.11 8.8-28.15L419 364.2l7-35.63 26.39 14.52c.25-20 7-58.06-8.8-84.45l26.39 5.28c4-22.07-2.38-39.21-7.92-56.74l22.43 9.68c-.44-25.07-29.94-56.79-61.58-58.5-20.22-1.09-56.74-25.17-54.1-51.9 2-19.87 17.45-42.62 43.11-49.7-44 36.51-9.68 67.3 5.28 73.46 4.4-11.44 17.54-69.08 0-130.2-40.39 22.87-89.65 65.1-93.2 147.79l-58 38.71-3.52 93.25L369.78 220l7 7-17.59 3.52-44 38.71-15.84-5.28-28.1 49.25-3.52 119.64 21.11 15.84-32.55 15.84-32.55-15.84 21.11-15.84-3.52-119.64-28.15-49.26-15.84 5.28-44-38.71-17.58-3.51 7-7 107.33 59.82-3.52-93.25-58.06-38.71C185 65.1 135.77 22.87 95.3 0c-17.54 61.12-4.4 118.76 0 130.2 15-6.16 49.26-36.95 5.28-73.46 25.66 7.08 41.15 29.83 43.11 49.7 2.63 26.74-33.88 50.81-54.1 51.9-31.65 1.72-61.15 33.44-61.59 58.51l22.43-9.68c-5.54 17.53-11.91 34.67-7.92 56.74l26.39-5.28c-15.76 26.39-9.05 64.43-8.8 84.45l26.39-14.52 7 35.63 24.63-5.28 8.8 28.15L153.35 366 134 373l-8.8-33.43-18.47 7-6.16-33.43-27.27 7c-3.82-25.38 2-49.1 13.2-72.14l-30.35-8.36c9.4-43.52 35.47-50.77 63.34-54.1 9.36 30.62 6.24 56.45-2.64 80.05 82.25 56.3 76.75 117.23 81.37 149.11 4.4 30.35 4.45 89.29 25.51 97.21v-29.83l5.28-7 5.28 12.32 10.56-15.84 11.44 21.11 11.43-21.1zm79.17-95L331.06 366c7.47-4.36 13.76-8.42 19.35-12.32-.6 7.22-.27 13.84-3.51 22.84zm28.15-49.26c-.4 10.94-.9 21.66-1.76 31.67-7.85-1.86-15.57-3.8-21.11-7 8.24-7.94 15.55-16.32 22.87-24.68zm24.63 5.28c0-13.43-2.05-24.21-5.28-33.43a235 235 0 0 1-18.47 27.27zm3.52-80.94c19.44 12.81 27.8 33.66 29.91 56.3-12.32-4.53-24.63-9.31-36.95-10.56 5.06-12 6.65-28.14 7-45.74zm-1.76-45.74c.81 14.3 1.84 28.82 1.76 42.23 19.22-8.11 29.78-9.72 44-14.08-10.61-18.96-27.2-25.53-45.76-28.16zM165.68 376.52L181.52 366c-7.47-4.36-13.76-8.42-19.35-12.32.6 7.26.27 13.88 3.51 22.88zm-28.15-49.26c.4 10.94.9 21.66 1.76 31.67 7.85-1.86 15.57-3.8 21.11-7-8.24-7.93-15.55-16.31-22.87-24.67zm-24.64 5.28c0-13.43 2-24.21 5.28-33.43a235 235 0 0 0 18.47 27.27zm-3.52-80.94c-19.44 12.81-27.8 33.66-29.91 56.3 12.32-4.53 24.63-9.31 37-10.56-5-12-6.65-28.14-7-45.74zm1.76-45.74c-.81 14.3-1.84 28.82-1.76 42.23-19.22-8.11-29.78-9.72-44-14.08 10.63-18.95 27.23-25.52 45.76-28.15z\"><\/path><\/svg>\t\t\t\t\t\t<\/span>\n\t\t\t\t\t\t\t\t\t\t<span class=\"elementor-icon-list-text\">Sa\u0142atka Wilcza - 38 z\u0142<\/span>\n\t\t\t\t\t\t\t\t\t<\/li>\n\t\t\t\t\t\t\t\t<li class=\"elementor-icon-list-item\">\n\t\t\t\t\t\t\t\t\t\t\t<span class=\"elementor-icon-list-icon\">\n\t\t\t\t\t\t\t<svg aria-hidden=\"true\" class=\"e-font-icon-svg e-fas-fish\" viewBox=\"0 0 576 512\" xmlns=\"http:\/\/www.w3.org\/2000\/svg\"><path d=\"M327.1 96c-89.97 0-168.54 54.77-212.27 101.63L27.5 131.58c-12.13-9.18-30.24.6-27.14 14.66L24.54 256 .35 365.77c-3.1 14.06 15.01 23.83 27.14 14.66l87.33-66.05C158.55 361.23 237.13 416 327.1 416 464.56 416 576 288 576 256S464.56 96 327.1 96zm87.43 184c-13.25 0-24-10.75-24-24 0-13.26 10.75-24 24-24 13.26 0 24 10.74 24 24 0 13.25-10.75 24-24 24z\"><\/path><\/svg>\t\t\t\t\t\t<\/span>\n\t\t\t\t\t\t\t\t\t\t<span class=\"elementor-icon-list-text\">Sa\u0142atka Orka - 38 z\u0142<\/span>\n\t\t\t\t\t\t\t\t\t<\/li>\n\t\t\t\t\t\t<\/ul>\n\t\t\t\t\t\t<\/div>\n\t\t\t\t<\/div>\n\t\t\t\t<div class=\"elementor-element elementor-element-f7e04b6 elementor-widget elementor-widget-image\" data-id=\"f7e04b6\" data-element_type=\"widget\" data-widget_type=\"image.default\">\n\t\t\t\t<div class=\"elementor-widget-container\">\n\t\t\t\t\t\t\t\t\t\t\t\t\t\t\t<img fetchpriority=\"high\" decoding=\"async\" width=\"281\" height=\"300\" src=\"https:\/\/www.zajazdwilkiorka.pl\/wp-content\/uploads\/2025\/05\/wilcza-281x300.jpg\" class=\"attachment-medium size-medium wp-image-1368\" alt=\"\" srcset=\"https:\/\/www.zajazdwilkiorka.pl\/wp-content\/uploads\/2025\/05\/wilcza-281x300.jpg 281w, https:\/\/www.zajazdwilkiorka.pl\/wp-content\/uploads\/2025\/05\/wilcza-961x1024.jpg 961w, https:\/\/www.zajazdwilkiorka.pl\/wp-content\/uploads\/2025\/05\/wilcza-768x819.jpg 768w, https:\/\/www.zajazdwilkiorka.pl\/wp-content\/uploads\/2025\/05\/wilcza-1441x1536.jpg 1441w, https:\/\/www.zajazdwilkiorka.pl\/wp-content\/uploads\/2025\/05\/wilcza.jpg 1921w\" sizes=\"(max-width: 281px) 100vw, 281px\" \/>\t\t\t\t\t\t\t\t\t\t\t\t\t\t\t<\/div>\n\t\t\t\t<\/div>\n\t\t\t\t<div class=\"elementor-element elementor-element-ba86b42 elementor-widget elementor-widget-spacer\" data-id=\"ba86b42\" data-element_type=\"widget\" data-widget_type=\"spacer.default\">\n\t\t\t\t<div class=\"elementor-widget-container\">\n\t\t\t\t\t\t\t<div class=\"elementor-spacer\">\n\t\t\t<div class=\"elementor-spacer-inner\"><\/div>\n\t\t<\/div>\n\t\t\t\t\t\t<\/div>\n\t\t\t\t<\/div>\n\t\t\t\t<\/div>\n\t\t\t\t\t<\/div>\n\t\t\t\t<\/div>\n\t\t\t\t<\/div>\n\t\t","protected":false},"excerpt":{"rendered":"<p>Sa\u0142atki: Sa\u0142atka Wilcza &#8211; 38 z\u0142 Sa\u0142atka Orka &#8211; 38 z\u0142<\/p>\n","protected":false},"author":1,"featured_media":0,"parent":0,"menu_order":0,"comment_status":"closed","ping_status":"closed","template":"","meta":{"footnotes":""},"class_list":["post-1313","page","type-page","status-publish","hentry"],"_links":{"self":[{"href":"https:\/\/www.zajazdwilkiorka.pl\/index.php?rest_route=\/wp\/v2\/pages\/1313","targetHints":{"allow":["GET"]}}],"collection":[{"href":"https:\/\/www.zajazdwilkiorka.pl\/index.php?rest_route=\/wp\/v2\/pages"}],"about":[{"href":"https:\/\/www.zajazdwilkiorka.pl\/index.php?rest_route=\/wp\/v2\/types\/page"}],"author":[{"embeddable":true,"href":"https:\/\/www.zajazdwilkiorka.pl\/index.php?rest_route=\/wp\/v2\/users\/1"}],"replies":[{"embeddable":true,"href":"https:\/\/www.zajazdwilkiorka.pl\/index.php?rest_route=%2Fwp%2Fv2%2Fcomments&post=1313"}],"version-history":[{"count":15,"href":"https:\/\/www.zajazdwilkiorka.pl\/index.php?rest_route=\/wp\/v2\/pages\/1313\/revisions"}],"predecessor-version":[{"id":1483,"href":"https:\/\/www.zajazdwilkiorka.pl\/index.php?rest_route=\/wp\/v2\/pages\/1313\/revisions\/1483"}],"wp:attachment":[{"href":"https:\/\/www.zajazdwilkiorka.pl\/index.php?rest_route=%2Fwp%2Fv2%2Fmedia&parent=1313"}],"curies":[{"name":"wp","href":"https:\/\/api.w.org\/{rel}","templated":true}]}}