{"id":1316,"date":"2025-05-01T10:20:02","date_gmt":"2025-05-01T10:20:02","guid":{"rendered":"https:\/\/www.zajazdwilkiorka.pl\/?page_id=1316"},"modified":"2025-09-19T09:23:25","modified_gmt":"2025-09-19T09:23:25","slug":"menu-dla-dzieci","status":"publish","type":"page","link":"https:\/\/www.zajazdwilkiorka.pl\/?page_id=1316","title":{"rendered":"Menu dla dzieci"},"content":{"rendered":"\t\t<div data-elementor-type=\"wp-page\" data-elementor-id=\"1316\" class=\"elementor elementor-1316\">\n\t\t\t\t<div class=\"elementor-element elementor-element-34dfe2b e-flex e-con-boxed e-con e-parent\" data-id=\"34dfe2b\" data-element_type=\"container\">\n\t\t\t\t\t<div class=\"e-con-inner\">\n\t\t<div class=\"elementor-element elementor-element-4582168 e-con-full e-flex e-con e-child\" data-id=\"4582168\" data-element_type=\"container\">\n\t\t\t\t<div class=\"elementor-element elementor-element-76adf00 elementor-widget elementor-widget-heading\" data-id=\"76adf00\" data-element_type=\"widget\" data-widget_type=\"heading.default\">\n\t\t\t\t<div class=\"elementor-widget-container\">\n\t\t\t\t\t<h2 class=\"elementor-heading-title elementor-size-default\">Menu dla dzieci:<\/h2>\t\t\t\t<\/div>\n\t\t\t\t<\/div>\n\t\t\t\t<div class=\"elementor-element elementor-element-506f5a8 elementor-icon-list--layout-traditional elementor-list-item-link-full_width elementor-widget elementor-widget-icon-list\" data-id=\"506f5a8\" data-element_type=\"widget\" data-widget_type=\"icon-list.default\">\n\t\t\t\t<div class=\"elementor-widget-container\">\n\t\t\t\t\t\t\t<ul class=\"elementor-icon-list-items\">\n\t\t\t\t\t\t\t<li class=\"elementor-icon-list-item\">\n\t\t\t\t\t\t\t\t\t\t\t<span class=\"elementor-icon-list-icon\">\n\t\t\t\t\t\t\t<svg aria-hidden=\"true\" class=\"e-font-icon-svg e-fas-check-circle\" viewBox=\"0 0 512 512\" xmlns=\"http:\/\/www.w3.org\/2000\/svg\"><path d=\"M504 256c0 136.967-111.033 248-248 248S8 392.967 8 256 119.033 8 256 8s248 111.033 248 248zM227.314 387.314l184-184c6.248-6.248 6.248-16.379 0-22.627l-22.627-22.627c-6.248-6.249-16.379-6.249-22.628 0L216 308.118l-70.059-70.059c-6.248-6.248-16.379-6.248-22.628 0l-22.627 22.627c-6.248 6.248-6.248 16.379 0 22.627l104 104c6.249 6.249 16.379 6.249 22.628.001z\"><\/path><\/svg>\t\t\t\t\t\t<\/span>\n\t\t\t\t\t\t\t\t\t\t<span class=\"elementor-icon-list-text\">\"Nie wiem\" - Pomidorowa z makaronem - 14 z\u0142<\/span>\n\t\t\t\t\t\t\t\t\t<\/li>\n\t\t\t\t\t\t\t\t<li class=\"elementor-icon-list-item\">\n\t\t\t\t\t\t\t\t\t\t\t<span class=\"elementor-icon-list-icon\">\n\t\t\t\t\t\t\t<svg aria-hidden=\"true\" class=\"e-font-icon-svg e-fas-check-circle\" viewBox=\"0 0 512 512\" xmlns=\"http:\/\/www.w3.org\/2000\/svg\"><path d=\"M504 256c0 136.967-111.033 248-248 248S8 392.967 8 256 119.033 8 256 8s248 111.033 248 248zM227.314 387.314l184-184c6.248-6.248 6.248-16.379 0-22.627l-22.627-22.627c-6.248-6.249-16.379-6.249-22.628 0L216 308.118l-70.059-70.059c-6.248-6.248-16.379-6.248-22.628 0l-22.627 22.627c-6.248 6.248-6.248 16.379 0 22.627l104 104c6.249 6.249 16.379 6.249 22.628.001z\"><\/path><\/svg>\t\t\t\t\t\t<\/span>\n\t\t\t\t\t\t\t\t\t\t<span class=\"elementor-icon-list-text\">\"Mo\u017ce by\u0107\"- Nuggetsy z kurczaka, frytki z ketchupem - 25 z\u0142<\/span>\n\t\t\t\t\t\t\t\t\t<\/li>\n\t\t\t\t\t\t\t\t<li class=\"elementor-icon-list-item\">\n\t\t\t\t\t\t\t\t\t\t\t<span class=\"elementor-icon-list-icon\">\n\t\t\t\t\t\t\t<svg aria-hidden=\"true\" class=\"e-font-icon-svg e-fas-check-circle\" viewBox=\"0 0 512 512\" xmlns=\"http:\/\/www.w3.org\/2000\/svg\"><path d=\"M504 256c0 136.967-111.033 248-248 248S8 392.967 8 256 119.033 8 256 8s248 111.033 248 248zM227.314 387.314l184-184c6.248-6.248 6.248-16.379 0-22.627l-22.627-22.627c-6.248-6.249-16.379-6.249-22.628 0L216 308.118l-70.059-70.059c-6.248-6.248-16.379-6.248-22.628 0l-22.627 22.627c-6.248 6.248-6.248 16.379 0 22.627l104 104c6.249 6.249 16.379 6.249 22.628.001z\"><\/path><\/svg>\t\t\t\t\t\t<\/span>\n\t\t\t\t\t\t\t\t\t\t<span class=\"elementor-icon-list-text\">\"Nie jestem g\u0142odny\" - Frytki z ketchupem - 12 z\u0142<\/span>\n\t\t\t\t\t\t\t\t\t<\/li>\n\t\t\t\t\t\t<\/ul>\n\t\t\t\t\t\t<\/div>\n\t\t\t\t<\/div>\n\t\t\t\t<\/div>\n\t\t<div class=\"elementor-element elementor-element-6cc4ffc e-con-full e-flex e-con e-child\" data-id=\"6cc4ffc\" data-element_type=\"container\">\n\t\t\t\t<\/div>\n\t\t\t\t\t<\/div>\n\t\t\t\t<\/div>\n\t\t<div class=\"elementor-element elementor-element-6fbf51d e-flex e-con-boxed e-con e-parent\" data-id=\"6fbf51d\" data-element_type=\"container\">\n\t\t\t\t\t<div class=\"e-con-inner\">\n\t\t\t\t<div class=\"elementor-element elementor-element-0d9a3ad elementor-widget elementor-widget-image\" data-id=\"0d9a3ad\" data-element_type=\"widget\" data-widget_type=\"image.default\">\n\t\t\t\t<div class=\"elementor-widget-container\">\n\t\t\t\t\t\t\t\t\t\t\t\t\t\t\t<img fetchpriority=\"high\" decoding=\"async\" width=\"287\" height=\"300\" src=\"https:\/\/www.zajazdwilkiorka.pl\/wp-content\/uploads\/2025\/05\/menu-dla-dzieci-287x300.jpg\" class=\"attachment-medium size-medium wp-image-1407\" alt=\"\" srcset=\"https:\/\/www.zajazdwilkiorka.pl\/wp-content\/uploads\/2025\/05\/menu-dla-dzieci-287x300.jpg 287w, https:\/\/www.zajazdwilkiorka.pl\/wp-content\/uploads\/2025\/05\/menu-dla-dzieci-981x1024.jpg 981w, https:\/\/www.zajazdwilkiorka.pl\/wp-content\/uploads\/2025\/05\/menu-dla-dzieci-768x802.jpg 768w, https:\/\/www.zajazdwilkiorka.pl\/wp-content\/uploads\/2025\/05\/menu-dla-dzieci-1471x1536.jpg 1471w, https:\/\/www.zajazdwilkiorka.pl\/wp-content\/uploads\/2025\/05\/menu-dla-dzieci.jpg 1961w\" sizes=\"(max-width: 287px) 100vw, 287px\" \/>\t\t\t\t\t\t\t\t\t\t\t\t\t\t\t<\/div>\n\t\t\t\t<\/div>\n\t\t\t\t\t<\/div>\n\t\t\t\t<\/div>\n\t\t\t\t<\/div>\n\t\t","protected":false},"excerpt":{"rendered":"<p>Menu dla dzieci: &#8222;Nie wiem&#8221; &#8211; Pomidorowa z makaronem &#8211; 14 z\u0142 &#8222;Mo\u017ce by\u0107&#8221;- Nuggetsy z kurczaka, frytki z ketchupem &#8211; 25 z\u0142 &#8222;Nie jestem g\u0142odny&#8221; &#8211; Frytki z ketchupem &#8211; 12 z\u0142<\/p>\n","protected":false},"author":1,"featured_media":0,"parent":0,"menu_order":0,"comment_status":"closed","ping_status":"closed","template":"","meta":{"footnotes":""},"class_list":["post-1316","page","type-page","status-publish","hentry"],"_links":{"self":[{"href":"https:\/\/www.zajazdwilkiorka.pl\/index.php?rest_route=\/wp\/v2\/pages\/1316","targetHints":{"allow":["GET"]}}],"collection":[{"href":"https:\/\/www.zajazdwilkiorka.pl\/index.php?rest_route=\/wp\/v2\/pages"}],"about":[{"href":"https:\/\/www.zajazdwilkiorka.pl\/index.php?rest_route=\/wp\/v2\/types\/page"}],"author":[{"embeddable":true,"href":"https:\/\/www.zajazdwilkiorka.pl\/index.php?rest_route=\/wp\/v2\/users\/1"}],"replies":[{"embeddable":true,"href":"https:\/\/www.zajazdwilkiorka.pl\/index.php?rest_route=%2Fwp%2Fv2%2Fcomments&post=1316"}],"version-history":[{"count":35,"href":"https:\/\/www.zajazdwilkiorka.pl\/index.php?rest_route=\/wp\/v2\/pages\/1316\/revisions"}],"predecessor-version":[{"id":1471,"href":"https:\/\/www.zajazdwilkiorka.pl\/index.php?rest_route=\/wp\/v2\/pages\/1316\/revisions\/1471"}],"wp:attachment":[{"href":"https:\/\/www.zajazdwilkiorka.pl\/index.php?rest_route=%2Fwp%2Fv2%2Fmedia&parent=1316"}],"curies":[{"name":"wp","href":"https:\/\/api.w.org\/{rel}","templated":true}]}}